{"id":1072,"date":"2023-10-25T18:10:10","date_gmt":"2023-10-25T22:10:10","guid":{"rendered":"https:\/\/ritabaga.ca\/boutique\/uncategorized\/une-paillette-a-la-fois-journal-dune-reine-autographed-book-in-french-only\/"},"modified":"2024-01-09T19:38:01","modified_gmt":"2024-01-10T00:38:01","slug":"livre-une-paillette-a-la-fois-journal-dune-reine-dedicace","status":"publish","type":"product","link":"https:\/\/ritabaga.ca\/en\/boutique\/rita-bagas-collection\/livre-une-paillette-a-la-fois-journal-dune-reine-dedicace\/","title":{"rendered":"Une paillette \u00e0 la fois &#8211; Journal d&#8217;une reine (AUTOGRAPHED) BOOK IN FRENCH ONLY"},"content":{"rendered":"<p><strong>Tout, tout, tout, vous saurez tout sur l&#8217;art d&#8217;la drag!<\/strong><\/p>\n<p>Au cours de sa carri\u00e8re de drag queen, Rita Baga a donn\u00e9 plus de 500 entrevues et conf\u00e9rences, durant lesquelles des journalistes, des \u00e9tudiants ou de simples quidams lui ont pos\u00e9\u2026 toujours les m\u00eames questions! C&#8217;est ainsi que l&#8217;id\u00e9e d&#8217;un livre sur le m\u00e9tier de drag a commenc\u00e9 \u00e0 germer en elle, id\u00e9e que sont venues valider ses recherches: il n&#8217;existe aucun livre sur le sujet en fran\u00e7ais.<\/p>\n<p>Dans cet ouvrage, non seulement Rita nous livre tout ce qu&#8217;elle a appris depuis ses d\u00e9buts dans le m\u00e9tier \u2013 le syst\u00e8me de familles chez les drag queens, la cr\u00e9ation d&#8217;un personnage, le choix de chansons, le b. a.-ba du maquillage, les lieux et les conditions de travail, les dangers de la notori\u00e9t\u00e9, l&#8217;\u00e9volution des perceptions face aux drag queens, l&#8217;alcool et la drogue, etc. \u2013, mais elle se confie \u00e9galement, \u00e0 la premi\u00e8re personne, sur les hauts et les bas de cette vie singuli\u00e8re, qui offre parfois des moments compl\u00e8tement surr\u00e9els\u2026 Attention! La reine Rita pourrait en cacher bien d&#8217;autres!<\/p>\n<p><strong>Le livre sera d\u00e9dicac\u00e9 au nom de la personne effectuant la transaction. Pour demander une d\u00e9dicace \u00e0 un autre nom, veuillez nous \u00e9crire \u00e0 info@gestionbgb.com apr\u00e8s avoir compl\u00e9t\u00e9 la transaction. <\/strong><\/p>\n","protected":false},"excerpt":{"rendered":"<p>Tout, tout, tout, vous saurez tout sur l&#8217;art d&#8217;la drag! Au cours de sa carri\u00e8re de drag queen, Rita Baga a donn\u00e9 plus de 500 entrevues et conf\u00e9rences, durant lesquelles [&hellip;]<\/p>\n","protected":false},"featured_media":714,"template":"","meta":{"_acf_changed":false},"product_brand":[],"product_cat":[46],"product_tag":[],"class_list":{"0":"post-1072","1":"product","2":"type-product","3":"status-publish","4":"has-post-thumbnail","6":"product_cat-rita-bagas-collection","8":"first","9":"instock","10":"taxable","11":"shipping-taxable","12":"purchasable","13":"product-type-simple"},"acf":[],"_links":{"self":[{"href":"https:\/\/ritabaga.ca\/en\/wp-json\/wp\/v2\/product\/1072","targetHints":{"allow":["GET"]}}],"collection":[{"href":"https:\/\/ritabaga.ca\/en\/wp-json\/wp\/v2\/product"}],"about":[{"href":"https:\/\/ritabaga.ca\/en\/wp-json\/wp\/v2\/types\/product"}],"wp:featuredmedia":[{"embeddable":true,"href":"https:\/\/ritabaga.ca\/en\/wp-json\/wp\/v2\/media\/714"}],"wp:attachment":[{"href":"https:\/\/ritabaga.ca\/en\/wp-json\/wp\/v2\/media?parent=1072"}],"wp:term":[{"taxonomy":"product_brand","embeddable":true,"href":"https:\/\/ritabaga.ca\/en\/wp-json\/wp\/v2\/product_brand?post=1072"},{"taxonomy":"product_cat","embeddable":true,"href":"https:\/\/ritabaga.ca\/en\/wp-json\/wp\/v2\/product_cat?post=1072"},{"taxonomy":"product_tag","embeddable":true,"href":"https:\/\/ritabaga.ca\/en\/wp-json\/wp\/v2\/product_tag?post=1072"}],"curies":[{"name":"wp","href":"https:\/\/api.w.org\/{rel}","templated":true}]}}