{"id":1702,"date":"2024-08-25T19:44:00","date_gmt":"2024-08-25T23:44:00","guid":{"rendered":"https:\/\/ritabaga.ca\/boutique\/uncategorized\/black-sequin-dress-with-giant-collar\/"},"modified":"2024-08-25T19:44:00","modified_gmt":"2024-08-25T23:44:00","slug":"black-sequin-dress-with-giant-collar","status":"publish","type":"product","link":"https:\/\/ritabaga.ca\/en\/boutique\/costumes-en\/black-sequin-dress-with-giant-collar\/","title":{"rendered":"Black Sequin Dress with Giant Collar"},"content":{"rendered":"<p>L-XL stretch dress with black sequins with an integrated scarf collar that unfolds over almost 3 meters. Port\u00e9e une seule fois \u00e0 <em>Qui sait chanter<\/em>, cr\u00e9ation de POE. <\/p>\n","protected":false},"excerpt":{"rendered":"<p>L-XL stretch dress with black sequins with an integrated scarf collar that unfolds over almost 3 meters. Port\u00e9e une seule fois \u00e0 Qui sait chanter, cr\u00e9ation de POE.<\/p>\n","protected":false},"featured_media":1673,"template":"","meta":{"_acf_changed":false},"product_brand":[],"product_cat":[72],"product_tag":[],"class_list":{"0":"post-1702","1":"product","2":"type-product","3":"status-publish","4":"has-post-thumbnail","6":"product_cat-costumes-en","8":"first","9":"outofstock","10":"sold-individually","11":"taxable","12":"shipping-taxable","13":"purchasable","14":"product-type-simple"},"acf":[],"_links":{"self":[{"href":"https:\/\/ritabaga.ca\/en\/wp-json\/wp\/v2\/product\/1702","targetHints":{"allow":["GET"]}}],"collection":[{"href":"https:\/\/ritabaga.ca\/en\/wp-json\/wp\/v2\/product"}],"about":[{"href":"https:\/\/ritabaga.ca\/en\/wp-json\/wp\/v2\/types\/product"}],"wp:featuredmedia":[{"embeddable":true,"href":"https:\/\/ritabaga.ca\/en\/wp-json\/wp\/v2\/media\/1673"}],"wp:attachment":[{"href":"https:\/\/ritabaga.ca\/en\/wp-json\/wp\/v2\/media?parent=1702"}],"wp:term":[{"taxonomy":"product_brand","embeddable":true,"href":"https:\/\/ritabaga.ca\/en\/wp-json\/wp\/v2\/product_brand?post=1702"},{"taxonomy":"product_cat","embeddable":true,"href":"https:\/\/ritabaga.ca\/en\/wp-json\/wp\/v2\/product_cat?post=1702"},{"taxonomy":"product_tag","embeddable":true,"href":"https:\/\/ritabaga.ca\/en\/wp-json\/wp\/v2\/product_tag?post=1702"}],"curies":[{"name":"wp","href":"https:\/\/api.w.org\/{rel}","templated":true}]}}